{"id":297,"date":"2020-07-01T12:38:18","date_gmt":"2020-07-01T12:38:18","guid":{"rendered":"http:\/\/dioscuri-bay-palace-hotel.ms.decms.eu\/?page_id=297"},"modified":"2026-03-16T13:41:08","modified_gmt":"2026-03-16T13:41:08","slug":"legal-notice","status":"publish","type":"page","link":"https:\/\/www.dioscurihotel.it\/en\/legal-notice\/","title":{"rendered":"Legal Notice"},"content":{"rendered":"<p>Emporium Gestioni srl<br \/>\nLungomare Falcone Borsellino 1<br \/>\n92100 Agrigento<br \/>\nP. IVA e codice fiscale 03131910840<br \/>\nC.C.I.A.A. &#8211; REA 229018<br \/>\ncodice univoco M5UXCR1\u00a0( lo stesso)<br \/>\nPEC:\u00a0<a class=\"moz-txt-link-abbreviated\" href=\"mailto:emporiumgestioni.srl@pec.it\" target=\"_blank\" rel=\"noopener\" shape=\"rect\">emporiumgestioni.srl@pec.it<\/a><\/p>\n<p>In questa pagina si descrivono le modalit\u00e0 di gestione del sito in riferimento al trattamento dei dati personali degli utenti che lo consultano. Si tratta di un\u2019informativa che \u00e8 resa anche ai sensi dell\u2019art. 13 del Regolamento UE 2016\/679 applicabile dal 25 Maggio 2018 \u2013 Regolamento Generale per la Protezione dei dati personali (di seguito indicato come GDPR) a coloro che interagiscono con i servizi web di Hotel Dioscuri accessibili per via telematica a partire dall\u2019indirizzo:<\/p>\n<p style=\"text-align: center;\">\n<blockquote class=\"wp-embedded-content\" data-secret=\"DrMof2OkEd\"><p><a href=\"https:\/\/www.dioscurihotel.it\/en\/\">Welcome to Dioscuri Bay Palace Hotel<\/a><\/p><\/blockquote>\n<p><iframe loading=\"lazy\" class=\"wp-embedded-content\" sandbox=\"allow-scripts\" security=\"restricted\" style=\"position: absolute; visibility: hidden;\" title=\"&#8220;Welcome to Dioscuri Bay Palace Hotel&#8221; &#8212; Dioscuri Bay Palace Hotel\" src=\"https:\/\/www.dioscurihotel.it\/en\/embed\/#?secret=tRXYb1H2Qc#?secret=DrMof2OkEd\" data-secret=\"DrMof2OkEd\" width=\"500\" height=\"282\" frameborder=\"0\" marginwidth=\"0\" marginheight=\"0\" scrolling=\"no\"><\/iframe><\/p>\n<p>L\u2019informativa \u00e8 resa solo per il sito www.dioscurihotel.it e non anche per altri siti web eventualmente consultati dall\u2019utente tramite link e \u00e8 conforme alla Raccomandazione n. 2\/2001 relativa ai requisiti minimi per la raccolta di dati on-line nell\u2019Unione Europea, adottata il 17 maggio 2001 dal Gruppo di Lavoro Articolo 29.<\/p>\n<p><strong>TITOLARE DEL TRATTAMENTO<\/strong><\/p>\n<p>Ai sensi dell\u2019art. 4 punto 7 del GDPR 2016\/679, Titolare del trattamento \u00e8 la societ\u00e0 Emporium Gestioni srl con sede in: Agrigento tel: +39 0922 406111 fax: +39 0922 411297 email: info@dioscurihotel.it.<\/p>\n<p><strong>RESPONSABILE DELLA PROTEZIONE DEI DATI<\/strong><\/p>\n<p>Ai sensi dell\u201937 del GDPR 2016\/679, Emporium Gestioni srl ha nominato ufficialmente un Responsabile della Protezione dei dati (Data Protection Officer di seguito indicato come DPO) i cui riferimenti di contatto sono: Mongiov\u00ec Carolina<\/p>\n<p>Il DPO \u00e8 a disposizione degli interessati per qualunque informazione inerente il trattamento dei loro dati personali e l\u2019esercizio dei loro diritti.<\/p>\n<p><strong>LUOGO DI TRATTAMENTO DEI DATI<\/strong><\/p>\n<p>I trattamenti connessi ai servizi web di questo sito hanno luogo presso la sede del titolare e del responsabile del trattamento. Nessun dato derivante dal servizio web viene comunicato a terzi o diffuso.<\/p>\n<p>Utilizzando cookie di terze parti, i trattamenti possono avvenire anche al di fuori della comunit\u00e0 europea da parte di Google e delle societ\u00e0 che installano cookie di terze parti di profilazione.<br \/>\nA tal proposito si rimanda alla Cookie Policy relativa consultabile a questo <a href=\"https:\/\/staticaws.fbwebprogram.com\/fbcdn\/jquery_plugins\/fb-cookie-law\/text\/it.html\" target=\"_blank\" rel=\"noopener noreferrer\">link<\/a>.<\/p>\n<p>I dati personali forniti dagli utenti che inoltrano richieste di invio di materiale informativo sono utilizzati al solo fine di eseguire il servizio o la prestazione richiesta mentre alcuni form di acquisizione dati prevedono la possibilit\u00e0 di comunicare i dati personali dell\u2019interessato a fornitori di servizi per ottemperare al contratto ed erogare i servizi richiesti.<\/p>\n<p><strong>TIPI DI DATI TRATTATI<\/strong><\/p>\n<p><strong>Dati di navigazione<\/strong><\/p>\n<p>I sistemi informatici e le procedure software preposte al funzionamento di questo sito web acquisiscono, nel corso del loro normale esercizio, alcuni dati personali la cui trasmissione \u00e8 implicita nell\u2019uso dei protocolli di comunicazione di Internet. Si tratta di informazioni che non sono raccolte per essere associate a interessati identificati, ma che per loro stessa natura potrebbero, attraverso elaborazioni ed associazioni con dati detenuti da terzi, permettere di identificare gli utenti. In questa categoria di dati rientrano gli indirizzi IP o i nomi a dominio dei computer utilizzati dagli utenti che si connettono al sito, gli indirizzi in notazione URI (Uniform Resource Identifier) delle risorse richieste, l\u2019orario della richiesta, il metodo utilizzato nel sottoporre la richiesta al server, la dimensione del file ottenuto in risposta, il codice numerico indicante lo stato della risposta data dal server (buon fine, errore, ecc.) ed altri parametri relativi al sistema operativo e all\u2019ambiente informatico dell\u2019utente. Questi dati vengono utilizzati al solo fine di ricavare informazioni statistiche anonime sull\u2019uso del sito e per controllarne il corretto funzionamento e vengono cancellati immediatamente dopo l\u2019elaborazione. I dati potrebbero essere utilizzati per l\u2019accertamento di responsabilit\u00e0 in caso di ipotetici reati informatici ai danni del sito: salva questa eventualit\u00e0, allo stato i dati sui contatti web non persistono per pi\u00f9 di trenta giorni.<\/p>\n<p><strong>Dati forniti volontariamente dall\u2019utente<\/strong><\/p>\n<p>L\u2019invio facoltativo, esplicito e volontario di posta elettronica agli indirizzi indicati su questo sito comporta la successiva acquisizione dell\u2019indirizzo del mittente, necessario per rispondere alle richieste, nonch\u00e9 degli eventuali altri dati personali inseriti nella missiva. Specifiche informative di sintesi verranno progressivamente riportate o visualizzate nelle pagine del sito predisposte per particolari servizi a richiesta.<\/p>\n<p><strong>Cookies<\/strong><\/p>\n<p>L\u2019uso di c.d. cookies di sessione (che non vengono memorizzati in modo persistente sul computer dell\u2019utente e svaniscono con la chiusura del browser) \u00e8 strettamente limitato alla trasmissione di identificativi di sessione (costituiti da numeri casuali generati dal server) necessari per consentire l\u2019esplorazione sicura ed efficiente del sito. I c.d. cookies di sessione utilizzati in questo sito evitano il ricorso ad altre tecniche informatiche potenzialmente pregiudizievoli per la riservatezza della navigazione degli utenti e non consentono l\u2019acquisizione di dati personali identificativi dell\u2019utente.<\/p>\n<p>Per poter scegliere o modificare o essere informati dettagliatamente delle opzioni disponibili sull\u2019utilizzo dei cookies da parte di Hotel Dioscuri clicca su <a href=\"https:\/\/staticaws.fbwebprogram.com\/fbcdn\/jquery_plugins\/fb-cookie-law\/text\/it.html\" target=\"_blank\" rel=\"noopener noreferrer\">Cookie Policy<\/a>.<\/p>\n<p><strong>MODALIT\u00c0 DEL TRATTAMENTO<\/strong><\/p>\n<p>I dati personali sono trattati con strumenti automatizzati per il tempo necessario a conseguire gli scopi per cui sono stati raccolti. Specifiche misure di sicurezza sono osservate per prevenire la perdita dei dati, usi illeciti o non corretti ed accessi non autorizzati.<\/p>\n<p><strong>FINALITA\u2019, BASE GIURIDICA E NATURA DEL CONFERIMENTO<\/strong><\/p>\n<p>I Dati Personali che fornisci attraverso il Sito saranno trattati da Hotel Dioscuri per le seguenti finalit\u00e0:<\/p>\n<ol>\n<li>finalit\u00e0 inerenti l\u2019esecuzione di un contratto di cui l\u2019interessato \u00e8 parte o all\u2019esecuzione di misure precontrattuali adottate su sua richiesta (es: richiesta di contatto tramite il modulo Contatti, richieste di prenotazione, adesione ad offerte speciali, ecc.). Consenso Non richiesto. La base giuridica si basa sull\u2019articolo 6 par. 1 lett. b) ovvero il trattamento \u00e8 necessario all&#8217;esecuzione di un contratto di cui l&#8217;interessato \u00e8 parte o all&#8217;esecuzione di misure precontrattuali adottate su richiesta dello stesso;<\/li>\n<li>finalit\u00e0 legate all\u2019invio via email di materiale promozionale e commerciale a seguito della registrazione volontaria alla newsletter dell\u2019Hotel. Richiede il consenso esplicito dell\u2019interessato o l\u2019esercizio del soft spam. La base giuridica si basa sull\u2019articolo 6 par. 1 lett. a) del GDPR 2016\/679 ovvero richiede il consenso dell\u2019interessato o la registrazione alla newsletter \u00e8 per perseguire ai sensi dell\u2019articolo 6 part.1 lett. f) del GDPR 2016\/679 un legittimo interesse da parte del titolare del trattamento;<\/li>\n<li>ricerche e analisi statistiche su dati aggregati anonimi, finalizzati a misurare il funzionamento del Sito, misurare il traffico e valutare usabilit\u00e0 e interesse per renderlo pi\u00f9 funzionale e performante; Consenso non necessario in quanto non si configura il trattamento di dati personali;<\/li>\n<li>finalit\u00e0 relative agli adempimenti di leggi e regolamenti; Consenso non Richiesto La base giuridica \u00e8 in base all\u2019articolo 6 par. 1 lett. c) del GDPR 2016\/679;<\/li>\n<li>finalit\u00e0 necessarie ad accertare, esercitare o difendere un diritto in sede giudiziaria o ogniqualvolta le autorit\u00e0 giurisdizionali esercitino le loro funzioni giurisdizionali. Consenso non Richiesto La base giuridica \u00e8 in base all\u2019articolo 6 par. 1 lett. f) del GDPR 2016\/679 ovvero il trattamento \u00e8 necessario per il perseguimento di un legittimo interesse del titolare;<\/li>\n<li>finalit\u00e0 relative agli adempimenti di leggi e regolamenti; Consenso non Richiesto. La base giuridica \u00e8 in base all\u2019articolo 6 par. 1 lett. f) del GDPR 2016\/679 ovvero il trattamento \u00e8 necessario per adempiere un obbligo legale al quale \u00e8 soggetto il titolare del trattamento;<\/li>\n<\/ol>\n<p><strong>TRASFERIMENTI DI DATI PERSONALI A PAESI TERZI O ORGANIZZAZIONI INTERNAZIONALI<\/strong><\/p>\n<p>Alcuni dei Dati Personali dell\u2019interessato sono trasferiti a Destinatari che si trovano al di fuori della Comunit\u00e0 Europea. Hotel Dioscuri assicura che il trattamento elettronico e cartaceo dei tuoi Dati Personali da parte dei Destinatari avviene nel rispetto della Normativa Applicabile che ha un ambito giuridico di applicabilit\u00e0 extra UE.<\/p>\n<p>In caso diverso, i trasferimenti si basano alternativamente su una decisione di adeguatezza o sulle Standard Model Clauses approvate dalla Commissione Europea cos\u00ec come nel rispetto dei principi del Privacy Shield in caso di trasferimenti verso gli USA.<\/p>\n<p><strong>AMBITI DI COMUNICAZIONE DEI DATI PERSONALI<\/strong><\/p>\n<p>I dati personali acquisiti tramite il sito web in oggetto potranno essere comunicati a:<\/p>\n<ul>\n<li>la web agency D-EDGE per la gestione e assistenza tecnica del sito web;<\/li>\n<li>ad Enti o Uffici Pubblici in funzione degli obblighi di legge e\/o contrattuali.<\/li>\n<\/ul>\n<p>Presso il titolare del trattamento \u00e8 possibile richiedere la lista aggiornata dei responsabili esterni nominati ai sensi dell\u2019art. 28 del GDPR 2016\/679.<\/p>\n<p><strong>CONSERVAZIONE DEI DATI<\/strong><\/p>\n<p>Hotel Dioscuri tratter\u00e0 i Dati Personali dell\u2019utente per il tempo strettamente necessario a raggiungere le finalit\u00e0 indicate nella presente informativa e fino al tempo permesso dalla legge Italiana a tutela dei propri interessi (Art. 2947(1)(3) c.c.).<\/p>\n<p>L\u2019utente rimarr\u00e0 registrato nella newsletter della societ\u00e0 sino a quando non eserciter\u00e0 il diritto di cancellazione esercitabile semplicemente con un semplice click direttamente dall\u2019email ricevuta.<\/p>\n<p><strong>TRATTAMENTI AUTOMATIZZATI<\/strong><\/p>\n<p>Hotel Dioscuri non invia email profilate tuttavia utilizza cookie di profilazione. Per i dettagli dei cookie di profilazione utilizzati e della loro interazione con gli strumenti social consultare la <a href=\"https:\/\/staticaws.fbwebprogram.com\/fbcdn\/jquery_plugins\/fb-cookie-law\/text\/it.html\" target=\"_blank\" rel=\"noopener noreferrer\">Cookie Policy<\/a>.<\/p>\n<p><strong>SICUREZZA SISTEMA DI PRENOTAZIONI<\/strong><\/p>\n<p>FastBooking utilizza le carte di credito fornite in fase di prenotazione conformemente al protocollo di sicurezza PCI DSS (Standard di sicurezza dei dati dell&#8217;industria delle carte di pagamento). Tutte le informazioni inviate a questo sito, se in una sessione SSL, sono criptate e protette contro la divulgazione a terze parti.<\/p>\n<p><strong>DIRITTI DEGLI INTERESSATI<\/strong><\/p>\n<p>L\u2019utente pu\u00f2 esercitare liberamente i diritti di cui agli articoli 15 e ss del GDPR 2016\/679 ovvero:<\/p>\n<ul>\n<li style=\"list-style-type: none;\">\n<ul>\n<li>revocare il consenso in ogni momento. L\u2019Utente pu\u00f2 revocare il consenso al trattamento dei propri Dati Personali precedentemente espresso;<\/li>\n<\/ul>\n<\/li>\n<\/ul>\n<ul>\n<li>opporsi al trattamento dei propri Dati. L\u2019Utente pu\u00f2 opporsi al trattamento dei propri Dati quando esso avviene su una base giuridica diversa dal consenso;<\/li>\n<li>accedere ai propri Dati. L\u2019Utente ha diritto ad ottenere informazioni sui Dati trattati dal Titolare, su determinati aspetti del trattamento ed a ricevere una copia dei Dati trattati;<\/li>\n<li>verificare e chiedere la rettificazione. L\u2019Utente pu\u00f2 verificare la correttezza dei propri Dati e richiederne l\u2019aggiornamento o la correzione;<\/li>\n<li>ottenere la limitazione del trattamento. Quando ricorrono determinate condizioni, l\u2019Utente pu\u00f2 richiedere la limitazione del trattamento dei propri Dati. In tal caso il Titolare non tratter\u00e0 i Dati per alcun altro scopo se non la loro conservazione;<\/li>\n<li>ottenere la cancellazione o rimozione dei propri Dati Personali. Quando ricorrono determinate condizioni, l\u2019Utente pu\u00f2 richiedere la cancellazione dei propri Dati da parte del Titolare;<\/li>\n<li>ricevere i propri Dati o farli trasferire ad altro titolare. L\u2019Utente ha diritto di ricevere i propri Dati in formato strutturato, di uso comune e leggibile da dispositivo automatico e, ove tecnicamente fattibile, di<\/li>\n<li>ottenerne il trasferimento senza ostacoli ad un altro titolare. Questa disposizione \u00e8 applicabile quando i Dati sono trattati con strumenti automatizzati ed il trattamento \u00e8 basato sul consenso dell\u2019Utente, su un contratto di cui l\u2019Utente \u00e8 parte o su misure contrattuali ad esso connesse;<\/li>\n<li>proporre reclamo. L\u2019Utente pu\u00f2 proporre un reclamo all\u2019autorit\u00e0 di controllo della protezione dei dati personali competente o agire in sede giudiziale.<\/li>\n<\/ul>\n<p><strong>Come esercitare i diritti<\/strong><\/p>\n<p>Hotel Dioscuri si \u00e8 dotata di un processo organizzativo per favorire l\u2019esercizio dei diritti degli interessati. A tale proposito \u00e8 sufficiente contattare la Direzione della societ\u00e0 all\u2019indirizzo email: commerciale@dioscurihotel.it<\/p>\n<p><strong>AGGIORNAMENTO E REVISIONE<\/strong><\/p>\n<p>La privacy policy \u00e8 stata aggiornata in data 30\/06\/2020 a Revisione 1 e potr\u00e0 essere soggetta a revisioni future.<\/p>\n","protected":false},"excerpt":{"rendered":"<p>Emporium Gestioni srl Lungomare Falcone Borsellino 1 92100 Agrigento P. IVA e codice fiscale 03131910840 C.C.I.A.A. &#8211; REA 229018 codice univoco M5UXCR1\u00a0( lo stesso) PEC:\u00a0emporiumgestioni.srl@pec.it In questa pagina si descrivono le modalit\u00e0 di gestione del sito in riferimento al trattamento dei dati personali degli utenti che lo consultano. Si tratta di un\u2019informativa che \u00e8 resa [&hellip;]<\/p>\n","protected":false},"author":4,"featured_media":0,"parent":0,"menu_order":120,"comment_status":"closed","ping_status":"closed","template":"","meta":{"footnotes":""},"class_list":["post-297","page","type-page","status-publish","hentry"],"yoast_head":"<!-- This site is optimized with the Yoast SEO plugin v26.9 - https:\/\/yoast.com\/product\/yoast-seo-wordpress\/ -->\n<title>Legal Notice - Dioscuri Bay Palace Hotel<\/title>\n<meta name=\"robots\" content=\"index, follow, max-snippet:-1, max-image-preview:large, max-video-preview:-1\" \/>\n<link rel=\"canonical\" href=\"https:\/\/www.dioscurihotel.it\/en\/legal-notice\/\" \/>\n<meta property=\"og:locale\" content=\"en_US\" \/>\n<meta property=\"og:type\" content=\"article\" \/>\n<meta property=\"og:title\" content=\"Legal Notice - Dioscuri Bay Palace Hotel\" \/>\n<meta property=\"og:description\" content=\"Emporium Gestioni srl Lungomare Falcone Borsellino 1 92100 Agrigento P. IVA e codice fiscale 03131910840 C.C.I.A.A. &#8211; REA 229018 codice univoco M5UXCR1\u00a0( lo stesso) PEC:\u00a0emporiumgestioni.srl@pec.it In questa pagina si descrivono le modalit\u00e0 di gestione del sito in riferimento al trattamento dei dati personali degli utenti che lo consultano. Si tratta di un\u2019informativa che \u00e8 resa [&hellip;]\" \/>\n<meta property=\"og:url\" content=\"https:\/\/www.dioscurihotel.it\/en\/legal-notice\/\" \/>\n<meta property=\"og:site_name\" content=\"Dioscuri Bay Palace Hotel\" \/>\n<meta property=\"article:modified_time\" content=\"2026-03-16T13:41:08+00:00\" \/>\n<meta name=\"twitter:card\" content=\"summary_large_image\" \/>\n<meta name=\"twitter:label1\" content=\"Est. reading time\" \/>\n\t<meta name=\"twitter:data1\" content=\"8 minutes\" \/>\n<script type=\"application\/ld+json\" class=\"yoast-schema-graph\">{\"@context\":\"https:\/\/schema.org\",\"@graph\":[{\"@type\":\"WebPage\",\"@id\":\"https:\/\/www.dioscurihotel.it\/en\/legal-notice\/\",\"url\":\"https:\/\/www.dioscurihotel.it\/en\/legal-notice\/\",\"name\":\"Legal Notice - Dioscuri Bay Palace Hotel\",\"isPartOf\":{\"@id\":\"https:\/\/www.dioscurihotel.it\/en\/#website\"},\"datePublished\":\"2020-07-01T12:38:18+00:00\",\"dateModified\":\"2026-03-16T13:41:08+00:00\",\"breadcrumb\":{\"@id\":\"https:\/\/www.dioscurihotel.it\/en\/legal-notice\/#breadcrumb\"},\"inLanguage\":\"en-US\",\"potentialAction\":[{\"@type\":\"ReadAction\",\"target\":[\"https:\/\/www.dioscurihotel.it\/en\/legal-notice\/\"]}]},{\"@type\":\"BreadcrumbList\",\"@id\":\"https:\/\/www.dioscurihotel.it\/en\/legal-notice\/#breadcrumb\",\"itemListElement\":[{\"@type\":\"ListItem\",\"position\":1,\"name\":\"Home\",\"item\":\"https:\/\/www.dioscurihotel.it\/en\/\"},{\"@type\":\"ListItem\",\"position\":2,\"name\":\"Legal Notice\"}]},{\"@type\":\"WebSite\",\"@id\":\"https:\/\/www.dioscurihotel.it\/en\/#website\",\"url\":\"https:\/\/www.dioscurihotel.it\/en\/\",\"name\":\"Dioscuri Bay Palace Hotel\",\"description\":\"Just another ms.decms.eu site\",\"potentialAction\":[{\"@type\":\"SearchAction\",\"target\":{\"@type\":\"EntryPoint\",\"urlTemplate\":\"https:\/\/www.dioscurihotel.it\/en\/?s={search_term_string}\"},\"query-input\":{\"@type\":\"PropertyValueSpecification\",\"valueRequired\":true,\"valueName\":\"search_term_string\"}}],\"inLanguage\":\"en-US\"}]}<\/script>\n<!-- \/ Yoast SEO plugin. -->","yoast_head_json":{"title":"Legal Notice - Dioscuri Bay Palace Hotel","robots":{"index":"index","follow":"follow","max-snippet":"max-snippet:-1","max-image-preview":"max-image-preview:large","max-video-preview":"max-video-preview:-1"},"canonical":"https:\/\/www.dioscurihotel.it\/en\/legal-notice\/","og_locale":"en_US","og_type":"article","og_title":"Legal Notice - Dioscuri Bay Palace Hotel","og_description":"Emporium Gestioni srl Lungomare Falcone Borsellino 1 92100 Agrigento P. IVA e codice fiscale 03131910840 C.C.I.A.A. &#8211; REA 229018 codice univoco M5UXCR1\u00a0( lo stesso) PEC:\u00a0emporiumgestioni.srl@pec.it In questa pagina si descrivono le modalit\u00e0 di gestione del sito in riferimento al trattamento dei dati personali degli utenti che lo consultano. Si tratta di un\u2019informativa che \u00e8 resa [&hellip;]","og_url":"https:\/\/www.dioscurihotel.it\/en\/legal-notice\/","og_site_name":"Dioscuri Bay Palace Hotel","article_modified_time":"2026-03-16T13:41:08+00:00","twitter_card":"summary_large_image","twitter_misc":{"Est. reading time":"8 minutes"},"schema":{"@context":"https:\/\/schema.org","@graph":[{"@type":"WebPage","@id":"https:\/\/www.dioscurihotel.it\/en\/legal-notice\/","url":"https:\/\/www.dioscurihotel.it\/en\/legal-notice\/","name":"Legal Notice - Dioscuri Bay Palace Hotel","isPartOf":{"@id":"https:\/\/www.dioscurihotel.it\/en\/#website"},"datePublished":"2020-07-01T12:38:18+00:00","dateModified":"2026-03-16T13:41:08+00:00","breadcrumb":{"@id":"https:\/\/www.dioscurihotel.it\/en\/legal-notice\/#breadcrumb"},"inLanguage":"en-US","potentialAction":[{"@type":"ReadAction","target":["https:\/\/www.dioscurihotel.it\/en\/legal-notice\/"]}]},{"@type":"BreadcrumbList","@id":"https:\/\/www.dioscurihotel.it\/en\/legal-notice\/#breadcrumb","itemListElement":[{"@type":"ListItem","position":1,"name":"Home","item":"https:\/\/www.dioscurihotel.it\/en\/"},{"@type":"ListItem","position":2,"name":"Legal Notice"}]},{"@type":"WebSite","@id":"https:\/\/www.dioscurihotel.it\/en\/#website","url":"https:\/\/www.dioscurihotel.it\/en\/","name":"Dioscuri Bay Palace Hotel","description":"Just another ms.decms.eu site","potentialAction":[{"@type":"SearchAction","target":{"@type":"EntryPoint","urlTemplate":"https:\/\/www.dioscurihotel.it\/en\/?s={search_term_string}"},"query-input":{"@type":"PropertyValueSpecification","valueRequired":true,"valueName":"search_term_string"}}],"inLanguage":"en-US"}]}},"acf":[],"_links":{"self":[{"href":"https:\/\/www.dioscurihotel.it\/en\/wp-json\/wp\/v2\/pages\/297","targetHints":{"allow":["GET"]}}],"collection":[{"href":"https:\/\/www.dioscurihotel.it\/en\/wp-json\/wp\/v2\/pages"}],"about":[{"href":"https:\/\/www.dioscurihotel.it\/en\/wp-json\/wp\/v2\/types\/page"}],"author":[{"embeddable":true,"href":"https:\/\/www.dioscurihotel.it\/en\/wp-json\/wp\/v2\/users\/4"}],"replies":[{"embeddable":true,"href":"https:\/\/www.dioscurihotel.it\/en\/wp-json\/wp\/v2\/comments?post=297"}],"version-history":[{"count":0,"href":"https:\/\/www.dioscurihotel.it\/en\/wp-json\/wp\/v2\/pages\/297\/revisions"}],"wp:attachment":[{"href":"https:\/\/www.dioscurihotel.it\/en\/wp-json\/wp\/v2\/media?parent=297"}],"curies":[{"name":"wp","href":"https:\/\/api.w.org\/{rel}","templated":true}]}}